{"id":118,"date":"2020-12-24T09:16:53","date_gmt":"2020-12-24T08:16:53","guid":{"rendered":"https:\/\/soy.adadepaula.com\/contact\/"},"modified":"2025-05-08T12:25:13","modified_gmt":"2025-05-08T10:25:13","slug":"contact","status":"publish","type":"page","link":"https:\/\/soy.adadepaula.com\/en\/contact\/","title":{"rendered":"Hablemos"},"content":{"rendered":"<div data-elementor-type=\"wp-page\" data-elementor-id=\"118\" class=\"elementor elementor-118\">\n\t\t\t\t<div class=\"aux-parallax-section elementor-element elementor-element-77d4faf e-flex e-con-boxed e-con e-parent\" data-id=\"77d4faf\" data-element_type=\"container\" data-settings=\"{&quot;background_background&quot;:&quot;gradient&quot;}\">\n\t\t\t\t\t<div class=\"e-con-inner\">\n\t\t<div class=\"elementor-element elementor-element-d92fea8 e-con-full e-flex e-con e-child\" data-id=\"d92fea8\" data-element_type=\"container\">\n\t\t\t\t<div class=\"elementor-element elementor-element-d3d394f aux-appear-watch-animation aux-slide-from-bot elementor-widget elementor-widget-aux_modern_heading\" data-id=\"d3d394f\" data-element_type=\"widget\" data-widget_type=\"aux_modern_heading.default\">\n\t\t\t\t<div class=\"elementor-widget-container\">\n\t\t\t\t\t<section class=\"aux-widget-modern-heading\">\n            <div class=\"aux-widget-inner\"><h2 class=\"aux-modern-heading-primary\">Es tu turno <\/h2><\/div>\n        <\/section>\t\t\t\t<\/div>\n\t\t\t\t<\/div>\n\t\t\t\t<\/div>\n\t\t\t\t\t<\/div>\n\t\t\t\t<\/div>\n\t\t<div class=\"aux-parallax-section elementor-element elementor-element-ac81f34 e-flex e-con-boxed e-con e-parent\" data-id=\"ac81f34\" data-element_type=\"container\">\n\t\t\t\t\t<div class=\"e-con-inner\">\n\t\t<div class=\"elementor-element elementor-element-7ce484c e-con-full e-flex e-con e-child\" data-id=\"7ce484c\" data-element_type=\"container\">\n\t\t\t\t<div class=\"elementor-element elementor-element-be5c264 aux-appear-watch-animation aux-fade-in-up elementor-widget elementor-widget-aux_modern_heading\" data-id=\"be5c264\" data-element_type=\"widget\" data-widget_type=\"aux_modern_heading.default\">\n\t\t\t\t<div class=\"elementor-widget-container\">\n\t\t\t\t\t<section class=\"aux-widget-modern-heading\">\n            <div class=\"aux-widget-inner\"><h3 class=\"aux-modern-heading-primary\"><span>Abrimos<\/span> cap\u00edtulo<\/h3><h2 class=\"aux-modern-heading-secondary\"><span class=\"aux-head-highlight\">\u00bfEmpezamos?<\/span><\/h2><div class=\"aux-modern-heading-description\"><p data-start=\"171\" data-end=\"324\">Si ya sabes lo que necesitas, escr\u00edbeme.<br data-start=\"211\" data-end=\"214\" \/>Y si a\u00fan est\u00e1s d\u00e1ndole forma, tambi\u00e9n.<br data-start=\"252\" data-end=\"255\" \/>Estoy aqu\u00ed para escuchar, entender tu reto y ver c\u00f3mo puedo ayudarte.<\/p><p data-start=\"326\" data-end=\"355\">Tu mensaje es el primer paso.<\/p><\/div><\/div>\n        <\/section>\t\t\t\t<\/div>\n\t\t\t\t<\/div>\n\t\t\t\t<div class=\"elementor-element elementor-element-1a8715b aux-appear-watch-animation aux-fade-in-up elementor-widget elementor-widget-aux_contact_form\" data-id=\"1a8715b\" data-element_type=\"widget\" data-widget_type=\"aux_contact_form.default\">\n\t\t\t\t<div class=\"elementor-widget-container\">\n\t\t\t\t\t<section class=\"widget-container aux-widget-contact-form aux-parent-au80fbae2b\">            <div class=\"aux-col-wrapper aux-no-gutter\">\n            <!-- @TODO - The output for element here -->\n\n            \n<div class=\"wpcf7 no-js\" id=\"wpcf7-f107-o1\" lang=\"en-US\" dir=\"ltr\" data-wpcf7-id=\"107\">\n<div class=\"screen-reader-response\"><p role=\"status\" aria-live=\"polite\" aria-atomic=\"true\"><\/p> <ul><\/ul><\/div>\n<form action=\"\/en\/wp-json\/wp\/v2\/pages\/118#wpcf7-f107-o1\" method=\"post\" class=\"wpcf7-form init\" aria-label=\"Contact form\" novalidate=\"novalidate\" data-status=\"init\" data-trp-original-action=\"\/en\/wp-json\/wp\/v2\/pages\/118#wpcf7-f107-o1\">\n<fieldset class=\"hidden-fields-container\"><input type=\"hidden\" name=\"_wpcf7\" value=\"107\" \/><input type=\"hidden\" name=\"_wpcf7_version\" value=\"6.1\" \/><input type=\"hidden\" name=\"_wpcf7_locale\" value=\"en_US\" \/><input type=\"hidden\" name=\"_wpcf7_unit_tag\" value=\"wpcf7-f107-o1\" \/><input type=\"hidden\" name=\"_wpcf7_container_post\" value=\"0\" \/><input type=\"hidden\" name=\"_wpcf7_posted_data_hash\" value=\"\" \/>\n<\/fieldset>\n<div class=\"aux-nextto\">\n  <span class=\"wpcf7-form-control-wrap\" data-name=\"text-17\"><input size=\"40\" maxlength=\"400\" class=\"wpcf7-form-control wpcf7-text wpcf7-validates-as-required aux-space\" aria-required=\"true\" aria-invalid=\"false\" placeholder=\"Tu nombre\" value=\"\" type=\"text\" name=\"text-17\" \/><\/span>\n  <span class=\"wpcf7-form-control-wrap\" data-name=\"text-374\"><input size=\"40\" maxlength=\"400\" class=\"wpcf7-form-control wpcf7-text wpcf7-validates-as-required\" aria-required=\"true\" aria-invalid=\"false\" placeholder=\"Asunto del mensaje\" value=\"\" type=\"text\" name=\"text-374\" \/><\/span>\n<\/div>\n<span class=\"wpcf7-form-control-wrap\" data-name=\"email-942\"><input size=\"40\" maxlength=\"400\" class=\"wpcf7-form-control wpcf7-email wpcf7-validates-as-required wpcf7-text wpcf7-validates-as-email\" aria-required=\"true\" aria-invalid=\"false\" placeholder=\"Tu correo electr\u00f3nico\" value=\"\" type=\"email\" name=\"email-942\" \/><\/span>\n<span class=\"wpcf7-form-control-wrap\" data-name=\"textarea-502\"><textarea cols=\"40\" rows=\"10\" maxlength=\"2000\" class=\"wpcf7-form-control wpcf7-textarea wpcf7-validates-as-required\" aria-required=\"true\" aria-invalid=\"false\" placeholder=\"Estoy al otro lado. \u00bfQu\u00e9 necesitas?\" name=\"textarea-502\"><\/textarea><\/span>\n<input class=\"wpcf7-form-control wpcf7-submit has-spinner\" type=\"submit\" value=\"\u00a1M\u00e1ndalo!\" \/><div class=\"wpcf7-response-output\" aria-hidden=\"true\"><\/div>\n<input type=\"hidden\" name=\"trp-form-language\" value=\"en\"\/><\/form>\n<\/div>\n\n\n            <\/div><!-- aux-col-wrapper -->\n    <\/section><!-- widget-container -->\t\t\t\t<\/div>\n\t\t\t\t<\/div>\n\t\t\t\t<\/div>\n\t\t\t\t\t<\/div>\n\t\t\t\t<\/div>\n\t\t\t\t<\/div>","protected":false},"excerpt":{"rendered":"<p>Es tu turno Abrimos cap\u00edtulo \u00bfEmpezamos? Si ya sabes lo que necesitas, escr\u00edbeme.Y si a\u00fan est\u00e1s d\u00e1ndole forma, tambi\u00e9n.Estoy aqu\u00ed para escuchar, entender tu reto y ver c\u00f3mo puedo ayudarte. Tu mensaje es el primer paso.<\/p>","protected":false},"author":1,"featured_media":0,"parent":0,"menu_order":0,"comment_status":"closed","ping_status":"closed","template":"templates\/page-builder-content.php","meta":{"footnotes":""},"class_list":["post-118","page","type-page","status-publish","hentry"],"_links":{"self":[{"href":"https:\/\/soy.adadepaula.com\/en\/wp-json\/wp\/v2\/pages\/118","targetHints":{"allow":["GET"]}}],"collection":[{"href":"https:\/\/soy.adadepaula.com\/en\/wp-json\/wp\/v2\/pages"}],"about":[{"href":"https:\/\/soy.adadepaula.com\/en\/wp-json\/wp\/v2\/types\/page"}],"author":[{"embeddable":true,"href":"https:\/\/soy.adadepaula.com\/en\/wp-json\/wp\/v2\/users\/1"}],"replies":[{"embeddable":true,"href":"https:\/\/soy.adadepaula.com\/en\/wp-json\/wp\/v2\/comments?post=118"}],"version-history":[{"count":10,"href":"https:\/\/soy.adadepaula.com\/en\/wp-json\/wp\/v2\/pages\/118\/revisions"}],"predecessor-version":[{"id":743,"href":"https:\/\/soy.adadepaula.com\/en\/wp-json\/wp\/v2\/pages\/118\/revisions\/743"}],"wp:attachment":[{"href":"https:\/\/soy.adadepaula.com\/en\/wp-json\/wp\/v2\/media?parent=118"}],"curies":[{"name":"wp","href":"https:\/\/api.w.org\/{rel}","templated":true}]}}