{"id":806,"date":"2025-05-08T13:47:18","date_gmt":"2025-05-08T11:47:18","guid":{"rendered":"https:\/\/soy.adadepaula.com\/?page_id=806"},"modified":"2025-05-08T13:47:18","modified_gmt":"2025-05-08T11:47:18","slug":"politica-de-cookies","status":"publish","type":"page","link":"https:\/\/soy.adadepaula.com\/en\/politica-de-cookies\/","title":{"rendered":"Pol\u00edtica de cookies"},"content":{"rendered":"<p>Esta web, adadepaula.com, actualmente <strong>no utiliza cookies no necesarias<\/strong> ni herramientas de an\u00e1lisis que recojan datos personales.<\/p>\n\n\n\n<p>Solo se usan cookies t\u00e9cnicas necesarias para su correcto funcionamiento (por ejemplo, para recordar si ya enviaste un formulario).<\/p>\n\n\n\n<p>Si en el futuro se incorporan cookies de an\u00e1lisis (como Google Analytics), se mostrar\u00e1 un banner de consentimiento y esta pol\u00edtica ser\u00e1 actualizada.<\/p>\n\n\n\n<p>Si tienes dudas, puedes escribirme a soy@soy.adadepaula.com<\/p>\n\n\n\n<p><\/p>","protected":false},"excerpt":{"rendered":"<p>Esta web, adadepaula.com, actualmente no utiliza cookies no necesarias ni herramientas de an\u00e1lisis que recojan datos personales. Solo se usan cookies t\u00e9cnicas necesarias para su correcto funcionamiento (por ejemplo, para recordar si ya enviaste un formulario). Si en el futuro se incorporan cookies de an\u00e1lisis (como Google Analytics), se mostrar\u00e1 un banner de consentimiento y [&hellip;]<\/p>","protected":false},"author":1,"featured_media":0,"parent":0,"menu_order":0,"comment_status":"closed","ping_status":"closed","template":"","meta":{"footnotes":""},"class_list":["post-806","page","type-page","status-publish","hentry"],"_links":{"self":[{"href":"https:\/\/soy.adadepaula.com\/en\/wp-json\/wp\/v2\/pages\/806","targetHints":{"allow":["GET"]}}],"collection":[{"href":"https:\/\/soy.adadepaula.com\/en\/wp-json\/wp\/v2\/pages"}],"about":[{"href":"https:\/\/soy.adadepaula.com\/en\/wp-json\/wp\/v2\/types\/page"}],"author":[{"embeddable":true,"href":"https:\/\/soy.adadepaula.com\/en\/wp-json\/wp\/v2\/users\/1"}],"replies":[{"embeddable":true,"href":"https:\/\/soy.adadepaula.com\/en\/wp-json\/wp\/v2\/comments?post=806"}],"version-history":[{"count":1,"href":"https:\/\/soy.adadepaula.com\/en\/wp-json\/wp\/v2\/pages\/806\/revisions"}],"predecessor-version":[{"id":807,"href":"https:\/\/soy.adadepaula.com\/en\/wp-json\/wp\/v2\/pages\/806\/revisions\/807"}],"wp:attachment":[{"href":"https:\/\/soy.adadepaula.com\/en\/wp-json\/wp\/v2\/media?parent=806"}],"curies":[{"name":"wp","href":"https:\/\/api.w.org\/{rel}","templated":true}]}}