{"id":808,"date":"2025-05-08T13:48:03","date_gmt":"2025-05-08T11:48:03","guid":{"rendered":"https:\/\/soy.adadepaula.com\/?page_id=808"},"modified":"2025-05-08T13:48:03","modified_gmt":"2025-05-08T11:48:03","slug":"aviso-legal","status":"publish","type":"page","link":"https:\/\/soy.adadepaula.com\/en\/aviso-legal\/","title":{"rendered":"Aviso legal"},"content":{"rendered":"<p>Este sitio web es una p\u00e1gina personal de Ada de Paula Lax Ruiz, creada con fines de presentaci\u00f3n profesional y b\u00fasqueda activa de empleo.<\/p>\n\n\n\n<ul class=\"wp-block-list\">\n<li>Titular: Ada de Paula Lax Ruiz<\/li>\n\n\n\n<li>Contacto: soy@soy.adadepaula.com<\/li>\n\n\n\n<li>Web: adadepaula.com<\/li>\n<\/ul>\n\n\n\n<p>No se realiza actividad comercial ni se ofrecen servicios profesionales mediante esta p\u00e1gina.<\/p>\n\n\n\n<p>Los contenidos publicados son propios o han sido utilizados con licencia, y no pueden ser reutilizados sin autorizaci\u00f3n previa.<\/p>","protected":false},"excerpt":{"rendered":"<p>Este sitio web es una p\u00e1gina personal de Ada de Paula Lax Ruiz, creada con fines de presentaci\u00f3n profesional y b\u00fasqueda activa de empleo. No se realiza actividad comercial ni se ofrecen servicios profesionales mediante esta p\u00e1gina. Los contenidos publicados son propios o han sido utilizados con licencia, y no pueden ser reutilizados sin autorizaci\u00f3n [&hellip;]<\/p>","protected":false},"author":1,"featured_media":0,"parent":0,"menu_order":0,"comment_status":"closed","ping_status":"closed","template":"","meta":{"footnotes":""},"class_list":["post-808","page","type-page","status-publish","hentry"],"_links":{"self":[{"href":"https:\/\/soy.adadepaula.com\/en\/wp-json\/wp\/v2\/pages\/808","targetHints":{"allow":["GET"]}}],"collection":[{"href":"https:\/\/soy.adadepaula.com\/en\/wp-json\/wp\/v2\/pages"}],"about":[{"href":"https:\/\/soy.adadepaula.com\/en\/wp-json\/wp\/v2\/types\/page"}],"author":[{"embeddable":true,"href":"https:\/\/soy.adadepaula.com\/en\/wp-json\/wp\/v2\/users\/1"}],"replies":[{"embeddable":true,"href":"https:\/\/soy.adadepaula.com\/en\/wp-json\/wp\/v2\/comments?post=808"}],"version-history":[{"count":1,"href":"https:\/\/soy.adadepaula.com\/en\/wp-json\/wp\/v2\/pages\/808\/revisions"}],"predecessor-version":[{"id":809,"href":"https:\/\/soy.adadepaula.com\/en\/wp-json\/wp\/v2\/pages\/808\/revisions\/809"}],"wp:attachment":[{"href":"https:\/\/soy.adadepaula.com\/en\/wp-json\/wp\/v2\/media?parent=808"}],"curies":[{"name":"wp","href":"https:\/\/api.w.org\/{rel}","templated":true}]}}